{"id":78,"date":"2020-01-02T22:09:13","date_gmt":"2020-01-02T21:09:13","guid":{"rendered":"http:\/\/newcameraclub.com\/?page_id=78"},"modified":"2022-03-03T01:23:07","modified_gmt":"2022-03-03T00:23:07","slug":"definition","status":"publish","type":"page","link":"https:\/\/newcameraclub.com\/de\/definition\/","title":{"rendered":"DEFINITIONEN"},"content":{"rendered":"<div id=\"google_translate_ncc\" style=\"text-align: right;\">\n<div class=\"google_hide\">Google Translater<\/div>\n<\/div>\n<div class=\"divider_line\"><\/div>\n<a title=\"PSA\" href=\"http:\/\/www.psa-photo.org\" target=\"_blank\" rel=\"noopener noreferrer\"><img decoding=\"async\" style=\"width: 64px; height: 56px; margin-right: 70px;\" src=\"http:\/\/newcameraclub.com\/wp-content\/uploads\/2020\/05\/psalogo.jpg\" alt=\"psa\" width=\"117\" height=\"108\" \/><\/a> <a title=\"PHOTOSUISSE\" href=\"http:\/\/www.photosuisse.ch\/\" target=\"_blank\" rel=\"noopener noreferrer\"><img decoding=\"async\" src=\"http:\/\/newcameraclub.com\/wp-content\/uploads\/2020\/01\/photosuisse.png\" alt=\"photosuisse\" width=\"673\" height=\"61\" \/><\/a> <a title=\"FIAP\" href=\"http:\/\/www.fiap.net\/\" target=\"_blank\" rel=\"noopener noreferrer\"><img decoding=\"async\" style=\"width: 63px; height: 62px; margin-left: 75px;\" src=\"http:\/\/newcameraclub.com\/wp-content\/uploads\/2020\/01\/fiaplogo.png\" alt=\"fiap\" width=\"109\" height=\"109\" \/><\/a><div class=\"divider_line\"><\/div>\n<div class=\"framed_box rounded aligncenter\">\n<div class=\"framed_box_content\" style=\"background-color: #fffcf2;\">\n<div class=\"table_style\">\n<div class=\"sub_area def_heading\" style=\"background-color: #ded3a6; border-radius: 0; margin: 2px;\">\n<h2>\u00a0FIAP DEFINITIONEN<\/h2>\n<\/div>\n<div class=\"def_content\" style=\"margin: 30px;\">\n<h3>SCHWERZWEISS FOTOGRAFIE<\/h3>\n<p>Eine schwarzweisse Arbeit, die vom sehr dunklen Grau (schwarz) bis zum sehr klaren Grau (weiss) passt, ist eine einfarbige Arbeit mit den verschiedenen Grautoenen. Eine vollstaendig einfarbig getoente Schwarz Weiss Arbeit bleibt eine monochrome Arbeit, die in der Kategorie Schwarz Weiss stehen kann; eine solche Arbeit kann in Schwarz Wei\u00df im Katalog eines Salons unter FIAP-Patronat reproduziert werden. Andererseits wird ein schwarzweiss Werk, das durch eine partielle Toenung oder durch die Hinzufuegung einer Farbe modifiziert wurde, ein farbiges Werk (polychrom), das in der Kategorie Farbe stehen kann; ein solches Werk erfordert eine farbige Reproduktion im Katalog eines Salons unter FIAP-Patronat.<\/p>\n<p>&nbsp;<\/p>\n<h3>FIAP und PSA NATURPHOTOGRAPHIE DEFINITION<\/h3>\n<p>Die Naturfotografie erfasst alle Bereiche der Naturgeschichte mit Ausnahme der Anthropologie und der Archaeologie. Dazu gehoeren alle Aspekte der belebten und unbelebten Welt, die nicht vom Menschen geschaffen oder veraendert wurden. Naturbilder muessen die Wahrheit \u00fcber die fotografierte Szene vermitteln. Eine gut informierte Person sollte in der Lage sein, das Motiv des Bildes zu identifizieren und sich davon zu \u00fcberzeugen, dass es ehrlich dargestellt wurde und dass keine unethischen Praktiken angewandt wurden, um das Motiv zu kontrollieren oder das Bild aufzunehmen. Bilder, die direkt oder indirekt eine menschliche Aktivitaet zeigen, die das Leben oder das Wohlergehen eines Lebewesens bedroht, sind nicht erlaubt.<\/p>\n<p>Der wichtigste Teil eines Naturbildes ist die Naturgeschichte, die es erzaehlt. Es werden hohe technische Standards erwartet und das Bild muss natuerlich aussehen. Das Hinzufuegen einer Vignette oder das Verwischen des Hintergrunds waehrend der Bearbeitung ist nicht erlaubt. Vom Menschen geschaffene Objekte und Beweise fuer menschliche Aktivitaeten sind in Naturbildern nur dann erlaubt, wenn sie ein notwendiger Teil der Naturgeschichte sind.<\/p>\n<p>Fotos von vom Menschen geschaffenen Hybridpflanzen, kultivierten Pflanzen, wilden Tieren, domestizierten Tieren, vom Menschen geschaffenen Hybridtieren und montierten oder konservierten zoologischen Exemplaren sind nicht zulaessig.<\/p>\n<p>Bilder von Objekten, die unter kontrollierten Bedingungen, z. B. in Zoos, aufgenommen wurden, sind zulaessig. Es ist nicht erlaubt, lebende Objekte durch Kuehlung, Asthetik oder andere Methoden der Einschraenkung ihrer natuerlichen Bewegungsfreiheit zum Zweck der Aufnahme zu kontrollieren.<\/p>\n<p>Anderungen, die den Wahrheitsgehalt eines Naturbildes veraendern, sind nicht zulaessig. Bilder duerfen beschnitten werden, aber keine andere Technik, die Teile des Bildes entfernt, hinzuf\u00fcgt oder verschiebt, ist erlaubt. Techniken, die von der Kamera hinzugefuegte Elemente wie Staubflecken, digitales Rauschen und Linsenreflexe entfernen, sind erlaubt.<\/p>\n<p>Die vollstaendige Umwandlung von Farbbildern in Graustufen ist zul\u00e4ssig. Teilweise Umwandlung, Tonung und Infrarotaufnahmen oder -umwandlungen sind nicht zulaessig.<\/p>\n<p>Bilder desselben Motivs, die in der Kamera oder mit Software durch Fokus-Stacking oder Uberlagerung von Belastungen kombiniert wurden, sind zulaessig. Mehrere Bilder mit sich ueberschneidenden Bildfeldern, die nacheinander aufgenommen und in der Kamera oder mit Software kombiniert werden (Bildstitching), sind zulaessig.<\/p>\n<p>F\u00fcr die Zwecke dieser Ausstellung muss jeder Rand, der einer digitalen Nature-Datei hinzugef\u00fcgt wird, ein einzelner weisser oder grauer Rand sein, der nicht breiter als 3-5 Pixel sein darf.<\/p>\n<h3>LEUTE DEFINITION<\/h3>\n<p>Zeigen Sie uns Menschen in allen Situationen, wie Alltag, Strassenfotografie, Traditionen, Portraet, Menschen bei der Arbeit, gesellschaftliche Ereignisse, menschliche Beziehungen usw. Das Hauptmotiv auf dem Foto muss ein oder mehrere Menschen sein.<\/p>\n<div class=\"divider_padding\"><\/div>\n<div class=\"framed_box rounded aligncenter\">\n<div class=\"framed_box_content\" style=\"background-color: #fffcf2;\">\n<div class=\"table_style\">\n<div class=\"sub_area def_heading\" style=\"background-color: #ded3a6; border-radius: 0; margin: 2px;\">\n<h2>\u00a0PSA DEFINITIONS<\/h2>\n<\/div>\n<h3>ALLGEMEIN<\/h3>\n<p>Die Beitr\u00e4ge m\u00fcssen als Fotos (Aufnahme von Objekten mittels Lichtempfindlichkeit) eingereicht werden, die vom Teilnehmer auf einer fotografischen Emulsion oder digital erworben wurden. Mit der Einreichung eines Beitrags bescheinigt der Teilnehmer die Arbeit als seine eigene und erlaubt den Sponsoren, das eingereichte Material ganz oder teilweise kostenlos zu reproduzieren, um es zu ver\u00f6ffentlichen und\/oder in Medien, die mit der Ausstellung in Verbindung stehen, zu zeigen. Dies kann auch die Ver\u00f6ffentlichung in niedriger Aufl\u00f6sung auf einer Website umfassen. Die Ausstellung \u00fcbernimmt keine Haftung f\u00fcr den Missbrauch des Urheberrechts. Bilder k\u00f6nnen vom Hersteller elektronisch oder anderweitig ver\u00e4ndert werden, und vom Teilnehmer erstellte Kunstwerke oder Computergrafiken k\u00f6nnen einbezogen werden, wenn der fotografische Inhalt \u00fcberwiegt. Ein Sozialdokumentarfilm: ist definiert als ein treffender Kommentar zum allt\u00e4glichen sozialen Leben oder zur Umwelt.<\/p>\n<h3>MONOCHROME PHOTOGRAPHY<\/h3>\n<p>Ein Bild wird nur dann als einfarbig betrachtet, wenn es den Eindruck erweckt, keine Farbe zu haben (d.h. es enth\u00e4lt nur Graut\u00f6ne, die reines Schwarz und reines Wei\u00df enthalten k\u00f6nnen) ODER wenn es den Eindruck erweckt, ein Graustufenbild zu sein, das \u00fcber das gesamte Bild in einer Farbe getont wurde. (z.B. durch Sepia, Rot, Gold usw.) Ein Graustufen- oder Mehrfarbenbild, das durch Teiltonung, Mehrfachtonung oder durch die Einbeziehung von Sonderfarben modifiziert wurde oder den Eindruck erweckt, dass es durch Teiltonung, Mehrfachtonung oder durch die Einbeziehung von Sonderfarben modifiziert wurde, entspricht nicht der Definition von monochrom und wird als Farbwerk klassifiziert.<\/p>\n<h3>FIAP und PSA NATURPHOTOGRAPHIE DEFINITION<\/h3>\n<p>Die Naturfotografie erfasst alle Bereiche der Naturgeschichte mit Ausnahme der Anthropologie und der Archaeologie. Dazu gehoeren alle Aspekte der belebten und unbelebten Welt, die nicht vom Menschen geschaffen oder veraendert wurden. Naturbilder muessen die Wahrheit \u00fcber die fotografierte Szene vermitteln. Eine gut informierte Person sollte in der Lage sein, das Motiv des Bildes zu identifizieren und sich davon zu \u00fcberzeugen, dass es ehrlich dargestellt wurde und dass keine unethischen Praktiken angewandt wurden, um das Motiv zu kontrollieren oder das Bild aufzunehmen. Bilder, die direkt oder indirekt eine menschliche Aktivitaet zeigen, die das Leben oder das Wohlergehen eines Lebewesens bedroht, sind nicht erlaubt.<\/p>\n<p>Der wichtigste Teil eines Naturbildes ist die Naturgeschichte, die es erzaehlt. Es werden hohe technische Standards erwartet und das Bild muss natuerlich aussehen. Das Hinzufuegen einer Vignette oder das Verwischen des Hintergrunds waehrend der Bearbeitung ist nicht erlaubt. Vom Menschen geschaffene Objekte und Beweise fuer menschliche Aktivitaeten sind in Naturbildern nur dann erlaubt, wenn sie ein notwendiger Teil der Naturgeschichte sind.<\/p>\n<p>Fotos von vom Menschen geschaffenen Hybridpflanzen, kultivierten Pflanzen, wilden Tieren, domestizierten Tieren, vom Menschen geschaffenen Hybridtieren und montierten oder konservierten zoologischen Exemplaren sind nicht zulaessig.<\/p>\n<p>Bilder von Objekten, die unter kontrollierten Bedingungen, z. B. in Zoos, aufgenommen wurden, sind zulaessig. Es ist nicht erlaubt, lebende Objekte durch Kuehlung, Asthetik oder andere Methoden der Einschraenkung ihrer natuerlichen Bewegungsfreiheit zum Zweck der Aufnahme zu kontrollieren.<\/p>\n<p>Anderungen, die den Wahrheitsgehalt eines Naturbildes veraendern, sind nicht zulaessig. Bilder duerfen beschnitten werden, aber keine andere Technik, die Teile des Bildes entfernt, hinzuf\u00fcgt oder verschiebt, ist erlaubt. Techniken, die von der Kamera hinzugefuegte Elemente wie Staubflecken, digitales Rauschen und Linsenreflexe entfernen, sind erlaubt.<\/p>\n<p>Die vollstaendige Umwandlung von Farbbildern in Graustufen ist zul\u00e4ssig. Teilweise Umwandlung, Tonung und Infrarotaufnahmen oder -umwandlungen sind nicht zulaessig.<\/p>\n<p>Bilder desselben Motivs, die in der Kamera oder mit Software durch Fokus-Stacking oder Uberlagerung von Belastungen kombiniert wurden, sind zulaessig. Mehrere Bilder mit sich ueberschneidenden Bildfeldern, die nacheinander aufgenommen und in der Kamera oder mit Software kombiniert werden (Bildstitching), sind zulaessig.<\/p>\n<p>F\u00fcr die Zwecke dieser Ausstellung muss jeder Rand, der einer digitalen Nature-Datei hinzugef\u00fcgt wird, ein einzelner weisser oder grauer Rand sein, der nicht breiter als 3-5 Pixel sein darf.<\/p>\n<h3>FOTOREISE FOTOGRAFIE<\/h3>\n<p>Fotoreisebild muss das Gef\u00fchl einer Zeit und eines Ortes ausdr\u00fccken und ein Land, seine Besonderheiten oder seine Kultur in seiner nat\u00fcrlichen Beschaffenheit darstellen. Es gibt keine geographischen Beschr\u00e4nkungen. Nahaufnahmen von Personen oder Gegenst\u00e4nden m\u00fcssen eine unterscheidbare Umgebung enthalten. Techniken, die das Originalbild erg\u00e4nzen, verlagern, ersetzen oder entfernen, au\u00dfer durch Beschneiden, sind nicht erlaubt. Alle Anpassungen m\u00fcssen nat\u00fcrlich erscheinen. Die Konvertierung in volles Schwarzwei\u00df ist akzeptabel. Ableitungen, einschlie\u00dflich Infrarot, sind nicht akzeptabel.<\/p>\n<h3>KREATIVE FOTOGRAFIE<\/h3>\n<p>Die PSA-Definition des Begriffs &#8222;kreativ&#8220; lautet &#8222;Ver\u00e4nderte Realit\u00e4t&#8220;. Das Bild muss nat\u00fcrlich eine Ver\u00e4nderung der nat\u00fcrlichen Farbe, Form, Gestalt oder einer Kombination dieser drei Elemente aufweisen. Kreative Bilder sind oft Montagen (eine \u00dcberblendung oder eine Kombination mehrerer Bilder). Bilder mit hohem Dynamikbereich (HDR) ohne weitere \u00c4nderungen gelten nicht als &#8222;ver\u00e4nderte Realit\u00e4t&#8220;. Das Originalbild muss vom Teilnehmer auf fotografischer Emulsion oder digital erfasst werden. Alle Bilder m\u00fcssen Originalbilder sein und d\u00fcrfen keine von anderen Personen erstellten Elemente enthalten. Die Originalbilder m\u00fcssen vom Hersteller ge\u00e4ndert werden; vom Teilnehmer erstellte Kunstwerke oder Computergrafiken k\u00f6nnen eingebunden werden, wenn der urspr\u00fcngliche fotografische Inhalt \u00fcberwiegt. Die Bilder d\u00fcrfen nicht vollst\u00e4ndig am Computer erstellt werden. Es ist notwendig, dass der Kerninhalt des Bildes identifizierbar ist. Nicht-kreative Bilder sind f\u00fcr diesen Wettbewerb nicht zugelassen. Jedes Thema ist akzeptabel, solange die Richtlinien f\u00fcr ver\u00e4nderte Realit\u00e4t eingehalten werden.<\/p>\n<h3>FOTOJOURNALISMUS FOTOGRAFIE<\/h3>\n<p>Fotojournalismus-Beitr\u00e4ge sollen aus Bildern mit informativem Inhalt und emotionaler Wirkung bestehen, einschliesslich menschlichem Interesse, Dokumentationen, Sport- und Spot-Nachrichten. Der erz\u00e4hlerische Wert des Bildes hat Vorrang vor der bildlichen Qualit\u00e4t. Im Interesse der Glaubw\u00fcrdigkeit d\u00fcrfen die Bilder von PJ die Wahrheit nicht falsch darstellen. Es d\u00fcrfen keine Situationen zum Zweck der Fotografie geschaffen werden, und es ist keine Ver\u00e4nderung des Motivs erlaubt, einschliesslich aller Techniken, die Elemente des Originalbildes hinzuf\u00fcgen, verlagern, ersetzen oder entfernen. Es d\u00fcrfen keine unnat\u00fcrlichen Sch\u00e4rfungs- oder Spezialeffektfilter angewendet werden. Lediglich das Beschneiden, \u00c4ndern der Gr\u00f6sse, Aufhellen oder Verdunkeln und die Wiederherstellung der Originalfarbe sind erlaubt. Farbbilder k\u00f6nnen in Monochrom umgewandelt werden. &#8222;Human Interest&#8220; ist definiert als ein Bild, das eine oder mehrere Personen in einer interaktiven, emotionalen oder ungew\u00f6hnlichen Situation darstellt, wobei Freizeit- und Sportaktionen ausgeschlossen sind.<\/p>\n<h3>AERIAL PHOTOGRAPHY POLICIES (ethische)<\/h3>\n<p>Einer der Grunds\u00e4tze der Fotografie, ist, dass die Sicherheit und das Wohlbefinden des Subjekts, des Fotografen und der Umgebung von h\u00f6chster Wichtigkeit ist, \u00fcber die Aufnahme des Fotos. Der Zweck dieses Abschnitts ist es, jegliche St\u00f6rung anderer Personen oder Tiere zu verhindern, die eine St\u00f6rung ihrer normalen Aktivit\u00e4t oder die Art und Weise, wie eine Person oder ein Tier mit seiner Umgebung interagiert, verursachen wird oder kann.<\/p>\n<p>1. Darf nicht mit einer Drohne \u00fcber Menschen fliegen, um deren Aktivit\u00e4t zu fotografieren, es sei denn Die Genehmigung wird schriftlich erteilt.<br \/>\n2. Darf nicht fliegen oder Tiere in ihrem nat\u00fcrlichen Lebensraum, insbesondere Nistpl\u00e4tze und Orte, an denen das Tier bereits unter Stress steht (Winter\u00fcberleben, Wanderf\u00fctterung, Schutz der Jugend). Das Fotografieren von Landschaften\/Landschaften ist zul\u00e4ssig.<br \/>\n3. Darf nicht in einem ausgewiesenen Wildnisgebiet fliegen oder fotografieren.<\/p>\n<\/div>\n<p>&nbsp;<\/p>\n<\/div>\n<\/div>\n<\/div>\n<div class=\"divider_line\"><\/div>\n<div class=\"kpm_LTR\" dir=\"ltr\"><\/div>\n<div class=\"&quot;kp&lt;\/p\"><\/div>\n<div class=\"kpm_LTR\" dir=\"ltr\"><\/div>","protected":false},"excerpt":{"rendered":"<p>Google Translater \u00a0FIAP DEFINITIONEN SCHWERZWEISS FOTOGRAFIE Eine schwarzweisse Arbeit, die vom sehr dunklen Grau (schwarz) bis zum sehr klaren Grau (weiss) passt, ist eine einfarbige Arbeit mit den verschiedenen Grautoenen. Eine vollstaendig einfarbig getoente Schwarz Weiss Arbeit bleibt eine monochrome Arbeit, die in der Kategorie Schwarz Weiss stehen kann; eine solche Arbeit kann in Schwarz &#8230;<\/p>\n","protected":false},"author":1,"featured_media":0,"parent":0,"menu_order":0,"comment_status":"closed","ping_status":"closed","template":"","meta":{"footnotes":""},"class_list":["post-78","page","type-page","status-publish","hentry"],"_links":{"self":[{"href":"https:\/\/newcameraclub.com\/de\/wp-json\/wp\/v2\/pages\/78","targetHints":{"allow":["GET"]}}],"collection":[{"href":"https:\/\/newcameraclub.com\/de\/wp-json\/wp\/v2\/pages"}],"about":[{"href":"https:\/\/newcameraclub.com\/de\/wp-json\/wp\/v2\/types\/page"}],"author":[{"embeddable":true,"href":"https:\/\/newcameraclub.com\/de\/wp-json\/wp\/v2\/users\/1"}],"replies":[{"embeddable":true,"href":"https:\/\/newcameraclub.com\/de\/wp-json\/wp\/v2\/comments?post=78"}],"version-history":[{"count":3,"href":"https:\/\/newcameraclub.com\/de\/wp-json\/wp\/v2\/pages\/78\/revisions"}],"predecessor-version":[{"id":1141,"href":"https:\/\/newcameraclub.com\/de\/wp-json\/wp\/v2\/pages\/78\/revisions\/1141"}],"wp:attachment":[{"href":"https:\/\/newcameraclub.com\/de\/wp-json\/wp\/v2\/media?parent=78"}],"curies":[{"name":"wp","href":"https:\/\/api.w.org\/{rel}","templated":true}]}}