{"id":90,"date":"2020-01-02T22:16:13","date_gmt":"2020-01-02T21:16:13","guid":{"rendered":"http:\/\/newcameraclub.com\/?page_id=90"},"modified":"2026-04-18T22:21:39","modified_gmt":"2026-04-18T20:21:39","slug":"entry-rules","status":"publish","type":"page","link":"https:\/\/newcameraclub.com\/de\/entry-rules\/","title":{"rendered":"Teilnahmeregeln"},"content":{"rendered":"<div style=\"text-align: center;\"><div class=\"gtranslate_wrapper\" id=\"gt-wrapper-66695671\"><\/div><\/div>\n<div class=\"photocontest_menu\"><div id=\"redCountdown_1578003273434_879493\" class=\"jquery-redCountdown\"><\/div><script>jQuery(function() { jQuery('#redCountdown_1578003273434_879493').redCountdown({end: , now: 1776594670,labels: true, labelsOptions: { lang: { days: \"Days\", hours: \"Hours\", minutes: \"Minutes\", seconds: \"Seconds\" }, style: \"font-size:0.3em;\" }, style: { element: \"\", textResponsive: 0.3, daysElement: { gauge: { thickness: 0.05, bgColor: \"rgba(0,0,0,0.05)\", fgColor: \"#1abc9c\", lineCap: \"butt\" }, textCSS: \"color:#34495e;\" }, hoursElement: { gauge: { thickness: 0.03, bgColor: \"rgba(0,0,0,0.05)\", fgColor: \"#2980b9\", lineCap: \"butt\" }, textCSS: \"color:#34495e;\" }, minutesElement: { gauge: { thickness: 0.03, bgColor: \"rgba(0,0,0,0.05)\", fgColor: \"#8e44ad\", lineCap: \"butt\" }, textCSS: \"color:#34495e;\" }, secondsElement: { gauge: { thickness: 0.03, bgColor: \"rgba(0,0,0,0.05)\", fgColor: \"#f39c12\", lineCap: \"butt\" }, textCSS: \"color:#34495e;\" } }, onEndCallback: function() { } }); });<\/script><\/div>\n<div id=\"google_translate_ncc\" style=\"text-align: right;\">\n<div class=\"google_hide\">Google Translater<\/div>\n<\/div>\n<div class=\"clearboth\"><\/div>\n<p style=\"text-align: center;\"><div class=\"divider_line\"><\/div> <a class=\"home-top-img\" href=\"https:\/\/www.photosuisse.net\/\" target=\"_blank\" rel=\"noopener noreferrer\"><img decoding=\"async\" class=\"aligncenter\" src=\"http:\/\/newcameraclub.com\/wp-content\/uploads\/2020\/01\/photosuisse.png\" alt=\"photosuisse\" width=\"673\" height=\"61\" \/><\/a><\/p>\n<div style=\"text-align: center;\"><img decoding=\"async\" class=\"alignnone wp-image-1734\" src=\"https:\/\/newcameraclub.com\/wp-content\/uploads\/2024\/08\/SWISS-INTERNATIONAL-PHOTO-CONTEST-2023-FIAP-Official-logo.png\" alt=\"\" width=\"71\" height=\"71\" srcset=\"https:\/\/newcameraclub.com\/wp-content\/uploads\/2024\/08\/SWISS-INTERNATIONAL-PHOTO-CONTEST-2023-FIAP-Official-logo.png 960w, https:\/\/newcameraclub.com\/wp-content\/uploads\/2024\/08\/SWISS-INTERNATIONAL-PHOTO-CONTEST-2023-FIAP-Official-logo-300x300.png 300w, https:\/\/newcameraclub.com\/wp-content\/uploads\/2024\/08\/SWISS-INTERNATIONAL-PHOTO-CONTEST-2023-FIAP-Official-logo-150x150.png 150w, https:\/\/newcameraclub.com\/wp-content\/uploads\/2024\/08\/SWISS-INTERNATIONAL-PHOTO-CONTEST-2023-FIAP-Official-logo-768x768.png 768w\" sizes=\"(max-width: 71px) 100vw, 71px\" \/>\u00a0 \u00a0\u00a0 \u00a0<img decoding=\"async\" class=\"alignnone wp-image-1736\" src=\"https:\/\/newcameraclub.com\/wp-content\/uploads\/2025\/04\/promo_pcp.png\" alt=\"\" width=\"73\" height=\"73\" \/>\u00a0 \u00a0<img decoding=\"async\" class=\"alignnone wp-image-1732\" src=\"https:\/\/newcameraclub.com\/wp-content\/uploads\/2024\/08\/NCC1500-1024x1024.png\" alt=\"\" width=\"69\" height=\"69\" srcset=\"https:\/\/newcameraclub.com\/wp-content\/uploads\/2024\/08\/NCC1500-1024x1024.png 1024w, https:\/\/newcameraclub.com\/wp-content\/uploads\/2024\/08\/NCC1500-300x300.png 300w, https:\/\/newcameraclub.com\/wp-content\/uploads\/2024\/08\/NCC1500-150x150.png 150w, https:\/\/newcameraclub.com\/wp-content\/uploads\/2024\/08\/NCC1500-768x768.png 768w, https:\/\/newcameraclub.com\/wp-content\/uploads\/2024\/08\/NCC1500.png 1500w\" sizes=\"(max-width: 69px) 100vw, 69px\" \/><\/div>\n<div class=\"one_half_inner\" style=\"text-align: right;\"><\/div>\n<p style=\"text-align: center;\"><div class=\"divider_line\"><\/div>\n<div class=\"framed_box rounded aligncenter\">\n<div class=\"framed_box_content\" style=\"background-color: #fcffff;\">\n<div class=\"sub_area def_heading\" style=\"background-color: #fcffff; border-radius: 0; margin-bottom: 15px;\">\n<h4 style=\"text-align: center;\"><span style=\"color: #333333;\">INTERNATIONAL PHOTO CIRCUIT<\/span><\/h4>\n<\/div>\n<h1 style=\"text-align: center;\"><span style=\"color: #333333;\">SWISS CIRCUIT 2026<\/span><\/h1>\n<\/div>\n<\/div>\n<div class=\"framed_box rounded aligncenter\">\n<div class=\"framed_box_content\" style=\"background-color: #f7feff; padding: 10px 15px 5px;\"><\/div>\n<\/div>\n<div class=\"framed_box rounded aligncenter\">\n<div class=\"framed_box_content new-gutter-rules\" style=\"background-color: #fcffff;\">\n<div class=\"table_style\">\n<div class=\"sub_area def_heading\" style=\"background-color: #fcffff; border-radius: 0; margin: 2px;\">\n<h3 style=\"text-align: center;\"><strong>TEILNAHMEREGELN<\/strong><\/h3>\n<\/div>\n<p><strong>SALONS<\/strong><br \/>\n<strong>International Photo Circuit &#8211; SWISS 2026 \u2013 Salon Lara <\/strong>(FIAP 2026\/299; NCC 2026; PCP 2026, SAL 2026)<br \/>\n<strong>International Photo Circuit &#8211; SWISS 2026 \u2013 Salon Lera <\/strong>(FIAP 2026\/300; NCC 2026; PCP 2026, SAL 2026)<br \/>\n<strong>International Photo Circuit &#8211; SWISS 2026 \u2013 Salon Lora <\/strong>(FIAP 2026\/301; NCC 2026; PCP 2026, SAL 2026)<\/p>\n<p><strong>TEILNAHMEBESTIMMUNGEN<\/strong><br \/>\nDer Salon steht sowohl Amateur- als auch Berufsfotografen aus aller Welt offen. Die Teilnehmer m\u00fcssen die Urheber der eingereichten Werke sein. Jeder Teilnehmer darf pro Sektion bis zu vier Fotografien einreichen. Der Veranstalter beh\u00e4lt sich das Recht vor, ausgestellte Werke f\u00fcr die Reproduktion im Katalog und zu Werbezwecken ohne jegliche Verg\u00fctung zu verwenden. Alle Sektionen sind digital.<\/p>\n<p><strong>SECTIONS<\/strong><\/p>\n<ol>\n<li><strong>\u00a0<\/strong><strong>OPEN COLOR <\/strong><em>( Only Color )<\/em><\/li>\n<li><strong>\u00a0<\/strong><strong>OPEN MONOCHROME <\/strong><em>( Only Monochrome )<\/em><\/li>\n<li><strong>\u00a0<\/strong><strong>NATURE <\/strong><em>( Color and Monochrome )<\/em><\/li>\n<li><strong>\u00a0<\/strong><strong>PEOPLE <\/strong><em>( Color and Monochrome )<\/em><\/li>\n<\/ol>\n<p><em>Ein Bild darf nur in einer Sektion eingereicht werden.<\/em><\/p>\n<p><strong>KALENDER<\/strong><br \/>\nAnmeldeschluss: <span style=\"color: #ff0000;\">12<em>. May, 2026<\/em><\/span><br \/>\nJurybewertungen: 25. May, 2026<br \/>\nErgebnismitteilungen: 08. Jun, 2026<br \/>\nGalerie: 24. Jul, 2026<br \/>\nKatalog und Auszeichnungsversand: 24. Jul, 2026<\/p>\n<p><strong>ENTRY FEE<\/strong><br \/>\n&#8211; Die ersten zwei Sektionen kosten <strong>25<\/strong> \u20ac, und jede weitere kostet <strong>5<\/strong> \u20ac.<br \/>\n&#8211; M\u00f6gliche Zahlungsmethoden sind: PayPal (Kreditkarte).<br \/>\n&#8211; Rabatt f\u00fcr Gruppenanmeldungen ab 10 Autoren betr\u00e4gt 20%..<br \/>\n&#8211; Bitte kontaktieren Sie uns per E-Mail: <em>info@newcameraclub.com<\/em><\/p>\n<p><strong>HOCHLADEN VON BILDERN <\/strong><br \/>\nDie Bilder m\u00fcssen als<strong> jpg<\/strong> Dateien \u00fcber unsere Homepage hochgeladen werden: <a href=\"https:\/\/newcameraclub.com\">https:\/\/newcameraclub.com\/entry-form\/<\/a><\/p>\n<p><strong>BILDGR\u00d6SSE<\/strong><br \/>\nMaximale horizontale L\u00e4nge <strong>1920<\/strong> Pixel, vertikale <strong>1080<\/strong> Pixel.<br \/>\nDateien sollten <strong>2 MB<\/strong> pro Bild nicht \u00fcberschreiten.<\/p>\n<p><strong>BILDBENENNUNG<\/strong><br \/>\n&#8211; Jedes Bild muss einen eindeutigen Titel mit maximal <strong>35<\/strong> Zeichen haben.<br \/>\n&#8211; Der Dateiname sollte so sein, wie er im Katalog erscheinen soll (gleich wie der Titel).<br \/>\n&#8211; Bitte, es sind nur Buchstaben (A\u2013Z, a\u2013z) und Zahlen (0-9) erlaubt.<br \/>\n&#8211; Bitte verwenden Sie keine Akzente und andere Zeichen.<br \/>\n&#8211; Titel d\u00fcrfen nicht ausschliesslich aus Zahlen oder Dateinamen von Kameraaufnahmen bestehen.<\/p>\n<p><strong>JURIERUNG<\/strong><br \/>\nDie Juroren vergeben Annahmen, Medaillen und Ehrenvolle Erw\u00e4hnungen f\u00fcr die eingereichten Bilder. Der Teilnehmer, der die h\u00f6chste Gesamtzahl an Annahmen \u00fcber alle Salonsektionen hinweg erreicht, wird als \u201eFIAP Best Author\u201c ausgezeichnet.<br \/>\n&#8211; Die Juroren verwenden ein Full-HD-Display <strong>1080P<\/strong> (1920 \u00d7 1080 px).<br \/>\n&#8211; Die angestrebte Annahmerate betr\u00e4gt max 30 %.<br \/>\n&#8211; Die Bewertung erfolgt so, dass jedes Jurymitglied jedem Bild von 1 bis 10 Punkte gibt.<br \/>\n&#8211; Die Punktzahl der angenommenen Bilder ergibt sich aus der Summe aller Jurymitgliederpunkte.<br \/>\n&#8211; Kein Bild darf in einer Sektion mehr als eine einzelne Auszeichnung erhalten; in Circuit-Salons kann ein Bild jedoch in verschiedenen Salons oder Sektionen ausgezeichnet werden. Ein Teilnehmer kann in einer Sektion nur eine Auszeichnung erhalten.<\/p>\n<p><strong>JURY-MITGLIEDER<\/strong><br \/>\n<strong>Salon Lara: <\/strong><br \/>\nBorislav Milovanovic, EFIAP\/d3, ESFIAP, MPSA, Serbia;<br \/>\nSlavica Bourgeois, ENCC, Switzerland;<br \/>\nSrdja Velimirovic, AFIAP, Montenegro;<\/p>\n<p><strong>Salon Lera:<\/strong><br \/>\nNenad Nikolic, AFIAP, QPSA, Serbia;<br \/>\nAngelina Alic, ENCC, Germany;<br \/>\nKrekovic Nenad, ENCC, APAM, Croatia;<\/p>\n<p><strong>Salon Lora:<\/strong><br \/>\nKycia Dorota, EFIAP, Poland;<br \/>\nMilenko Velimirovic, APAM, Montenegro;<br \/>\nDragan Kocic, ENCC, APAM, Serbia;<\/p>\n<p><strong>AUSZEICHNUNGEN<\/strong><br \/>\n<strong>SALON LUCERNE<\/strong><br \/>\nFIAP Best Author: FIAP Blue Badge;<br \/>\nFIAP Gold Medals;<br \/>\nNCC diplomas 1st, 2nd, 3rd place (digital pdf)<br \/>\nNCC Honourable Mentions (digital pdf)<br \/>\nPCP diplomas 1st, 2nd, 3rd place (digital pdf)<br \/>\nPCP Honourable Mentions (digital pdf)<br \/>\nSALON diplomas 1st, 2nd, 3rd place (digital pdf)<br \/>\nSALON Honourable Mentions (digital pdf)<\/p>\n<p><strong>SALON ZURICH<\/strong><br \/>\nFIAP Best Author: FIAP Blue Badge;<br \/>\nFIAP Gold Medals;<br \/>\nNCC diplomas 1st, 2nd, 3rd place (digital pdf)<br \/>\nNCC Honourable Mentions (digital pdf)<br \/>\nPCP diplomas 1st, 2nd, 3rd place (digital pdf)<br \/>\nPCP Honourable Mentions (digital pdf)<br \/>\nSALON diplomas 1st, 2nd, 3rd place (digital pdf)<br \/>\nSALON Honourable Mentions (digital pdf)<\/p>\n<p><strong>SALON DAVOS <\/strong><br \/>\nFIAP Best Author: FIAP Blue Badge;<br \/>\nFIAP Gold Medals;<br \/>\nNCC diplomas 1st, 2nd, 3rd place (digital pdf)<br \/>\nNCC Honourable Mentions (digital pdf)<br \/>\nPCP diplomas 1st, 2nd, 3rd place (digital pdf)<br \/>\nPCP Honourable Mentions (digital pdf)<br \/>\nSALON diplomas 1st, 2nd, 3rd place (digital pdf)<br \/>\nSALON Honourable Mentions (digital pdf)<\/p>\n<p><em>Die Jury beh\u00e4lt sich das Recht vor, zus\u00e4tzliche Auszeichnungen zu vergeben.<\/em><br \/>\n<em>Jeder Teilnehmer darf pro Kategorie nur eine Auszeichnung erhalten.<\/em><\/p>\n<p><strong>ANNAHMEN (REPORT CARD)<\/strong><br \/>\nJeder Teilnehmer erh\u00e4lt eine Benachrichtigung (Report Card) per E-Mail.<\/p>\n<p><strong>EMAIL SPAM SCHUTZ<\/strong><br \/>\nBitte stellen Sie sicher, dass diese E-Mail-Adresse in Ihren \u201esicheren\u201c E-Mail-Adressen enthalten ist, um sicherzustellen, dass Sie diese E-Mails erhalten und nicht von Ihrem Sicherheitssystem blockiert werden. \u00dcberpr\u00fcfen Sie auch Ihren Junk-E-Mail- oder Spam-Ordner, um zu sehen, ob Ihre E-Mail-Software dort Nachrichten von der Ausstellung abgelegt hat.<\/p>\n<p><strong>KATALOG UND VERSAND DER AUSZEICHNUNGEN<\/strong><br \/>\nDer \u201eBest of Show\u201c HQ Katalog, der \u00fcberwiegend die Annahmen sowie alle ausgezeichneten Bilder enth\u00e4lt, wird per EMail versendet. eDiplome und eHonourable Mentions sind im PDF Format und werden ebenfalls per E-Mail zugestellt. Medaillen werden per Post verschickt.<\/p>\n<p><strong>DATENSCHUTZ <\/strong><br \/>\nMit der Teilnahme an dieser Ausstellung erkl\u00e4ren Sie sich ausdr\u00fccklich damit einverstanden, dass die von Ihnen angegebenen pers\u00f6nlichen Daten, einschlie\u00dflich E-Mail-Adressen, von den Ausstellungsorganisatoren f\u00fcr Zwecke im Zusammenhang mit dieser Ausstellung gespeichert, verarbeitet und verwendet werden. Sie stimmen auch ausdr\u00fccklich zu, dass diese Informationen an Organisationen gesendet werden, die dieser Ausstellung offizielle Anerkennung, Schirmherrschaft oder Akkreditierung verliehen haben. Sie erkennen an und akzeptieren, dass die Teilnahme an dieser Ausstellung bedeutet, dass der Status und die Ergebnisse Ihrer Teilnahme \u00f6ffentlich gemacht werden k\u00f6nnen.<strong> Ihre E-Mail-Adresse und Kontaktinformationen werden nicht ver\u00f6ffentlicht.<\/strong><\/p>\n<p><b>***<\/b><\/p>\n<p><strong>PSA\/FIAP Natur-Definition<\/strong><br \/>\n<strong>Inhaltsrichtlinien<\/strong><br \/>\nDie Naturfotografie dokumentiert alle Bereiche der Naturgeschichte mit Ausnahme der Anthropologie und Arch\u00e4ologie. Dies umfasst alle Aspekte der physischen Welt, sowohl \u00fcber als auch unter Wasser.<\/p>\n<p>Naturaufnahmen m\u00fcssen die Wahrheit der Szene widerspiegeln. Eine sachkundige Person sollte in der Lage sein, das Motiv des Bildes zu identifizieren und sicherzustellen, dass es ehrlich pr\u00e4sentiert wurde und keine unethischen Praktiken angewendet wurden, um das Motiv zu beeinflussen oder das Bild aufzunehmen. Bilder, die direkt oder indirekt eine menschliche Aktivit\u00e4t zeigen, die das Leben oder Wohl eines lebenden Organismus bedroht, sind nicht erlaubt.<\/p>\n<p>Das wichtigste Element eines Naturbildes ist die erz\u00e4hlte Naturgeschichte. Es werden hohe technische Standards erwartet, und das Bild muss nat\u00fcrlich wirken.<\/p>\n<ul>\n<li>Von Menschen geschaffene Objekte und Hinweise auf menschliche Aktivit\u00e4ten sind in Naturbildern nur dann erlaubt, wenn sie ein notwendiger Bestandteil der Naturgeschichte sind.<\/li>\n<li>Fotografien von vom Menschen erschaffenen Hybridpflanzen, kultivierten Pflanzen, verwilderten Tieren, domestizierten Tieren, von Menschen erschaffenen Hybridtieren sowie montierten oder konservierten zoologischen Pr\u00e4paraten sind nicht erlaubt.<\/li>\n<li>Fotografien, bei denen die Szene nat\u00fcrlich ist und das Tier in einer kontrollierten Umgebung wie einem Zoo, einem Rettungszentrum oder einer ethisch gef\u00fchrten Naturschutzfarm nicht zu Schaden kommt, sind erlaubt.<\/li>\n<li>Das Anlocken oder Kontrollieren von Motiven durch Futter oder Ger\u00e4usche zum Zweck der Fotografie ist nicht gestattet. Situationen, in denen Tiere zus\u00e4tzlich gef\u00fcttert werden, weil Wetterbedingungen oder andere unkontrollierbare Faktoren dies erforderlich machen und die Fotografie dabei nur zuf\u00e4llig erfolgt, fallen nicht unter dieses Verbot.<\/li>\n<li>Die Kontrolle lebender Motive durch K\u00e4lte, An\u00e4sthetika oder andere Methoden zur Einschr\u00e4nkung der nat\u00fcrlichen Bewegung f\u00fcr ein Foto ist nicht erlaubt.<\/li>\n<li>Menschliche Elemente sind unter folgenden Bedingungen erlaubt:<\/li>\n<\/ul>\n<p>a) Wenn sie ein integraler Bestandteil der Naturgeschichte sind, beispielsweise ein Singvogel auf einem Zaunpfahl, ein vom Menschen hergestelltes Objekt als Nistmaterial oder ein Wetterph\u00e4nomen, das eine vom Menschen geschaffene Struktur zerst\u00f6rt.<br \/>\nb) Wenn sie ein kleiner, aber unvermeidlicher Teil der Szene sind, z. B. ein unauff\u00e4lliger Fu\u00dfabdruck oder eine Spur im Hintergrund.<br \/>\nc) Wissenschaftliche Markierungen, Halsb\u00e4nder und B\u00e4nder sind ausdr\u00fccklich erlaubt.<\/p>\n<p>Beim Fotografieren in Zoos, Schutzgebieten oder Rehabilitationszentren wird vorausgesetzt, dass der Fotograf sicherstellt, dass diese ordnungsgem\u00e4\u00df akkreditiert sind und den besten Praktiken entsprechen.<\/p>\n<p><strong>Bearbeitungsrichtlinien<\/strong><br \/>\nDie Bildbearbeitung muss darauf beschr\u00e4nkt sein, das Bild so nah wie m\u00f6glich an die Originalszene anzupassen. Die Umwandlung in Graustufen-Monochrom ist jedoch erlaubt.<\/p>\n<p><strong>Erlaubte Bearbeitungstechniken:<\/strong><\/p>\n<ul>\n<li>Zuschneiden, Begradigen und Perspektivenkorrektur<\/li>\n<li>Entfernung oder Korrektur von durch die Kamera oder das Objektiv hinzugef\u00fcgten Elementen wie Staubflecken, Bildrauschen, chromatischen Aberrationen und Objektivverzerrungen<\/li>\n<li>Globale und selektive Anpassungen von Helligkeit, Farbton, S\u00e4ttigung und Kontrast zur Wiederherstellung des Erscheinungsbildes der Originalszene<\/li>\n<li>Vollst\u00e4ndige Umwandlung von Farbbildern in Graustufen-Monochrom<\/li>\n<li>\u00dcberblendung mehrerer Aufnahmen desselben Motivs durch In-Kamera- oder Software-Kombination (Belichtungs\u00fcberblendung oder Fokus-Stacking)<\/li>\n<li>Bildstitching \u2013 Kombination mehrerer Bilder mit \u00fcberlappenden Bildbereichen, die nacheinander aufgenommen wurden (Panoramen)<\/li>\n<\/ul>\n<p><strong>Nicht erlaubte Bearbeitungstechniken:<\/strong><\/p>\n<ul>\n<li>Entfernen, Hinzuf\u00fcgen, Verschieben oder \u00c4ndern eines Teils des Bildes (au\u00dfer beim Zuschneiden und Begradigen)<\/li>\n<li>Hinzuf\u00fcgen einer Vignette w\u00e4hrend der Bearbeitung<\/li>\n<li>Weichzeichnen von Bildbereichen zur Verdeckung von Elementen in der Originalszene<\/li>\n<li>Abdunkeln von Bildbereichen zur Verdeckung von Elementen in der Originalszene<\/li>\n<li>Alle Umwandlungen au\u00dfer vollst\u00e4ndiger Graustufen-Monochrom-Umwandlung<\/li>\n<li>Teilweise Umwandlung eines Bildes in Monochrom oder partielle Farbtonung, Ents\u00e4ttigung oder \u00dcbers\u00e4ttigung von Farben<\/li>\n<\/ul>\n<p><strong>FIAP Monochrom Definition<\/strong><br \/>\nEin schwarz-wei\u00dfes Werk, das von einem sehr dunklen Grau (schwarz) bis zu einem sehr hellen Grau (wei\u00df) reicht, ist ein monochromes Werk mit verschiedenen Graut\u00f6nen. Ein vollst\u00e4ndig in einer einzigen Farbe getontes Schwarz-Wei\u00df-Werk bleibt ein monochromes Werk, das in die Kategorie Schwarz-Wei\u00df eingeordnet werden kann; ein solches Werk kann im Katalog eines Salons unter FIAP-Patronat in Schwarz-Wei\u00df reproduziert werden. Dagegen wird ein schwarz-wei\u00dfes Werk, das durch eine Teiltonung oder die Hinzuf\u00fcgung einer Farbe ver\u00e4ndert wurde, zu einem farbigen Werk (polychrom), das in die Kategorie Farbe f\u00e4llt; ein solches Werk muss in einem Katalog eines Salons unter FIAP-Patronat in Farbe reproduziert werden.<\/p>\n<p><strong>LANDSCHAFTS DEFINITION<\/strong><br \/>\nLandschaftsfotografie zeigt die Weiten der Welt, manchmal unendlich und grenzenlos, manchmal mikroskopisch klein. Landschaftsaufnahmen erfassen in der Regel die Pr\u00e4senz der Natur, k\u00f6nnen aber auch von Menschen geschaffene Elemente oder St\u00f6rungen der Landschaft thematisieren. H\u00e4ufig dient Landschaftsfotografie dazu, eine pers\u00f6nliche Beobachtung oder Erfahrung in der Natur \u2013 insbesondere auf Reisen \u2013 festzuhalten.<\/p>\n<p><strong>LEBENS DEFINITION<\/strong><br \/>\nLebensfotografie zeigt alle Formen des Lebens in allen Situationen, einschlie\u00dflich Alltagsszenen, Stra\u00dfenfotografie, Traditionen, Portr\u00e4ts, Menschen bei der Arbeit, gesellschaftlichen Ereignissen, zwischenmenschlichen Beziehungen, Tierleben usw.<\/p>\n<p><strong>MENSCHEN DEFINITION<\/strong><br \/>\nZeigt Menschen in allen Situationen, z. B. im t\u00e4glichen Leben, in der Stra\u00dfenfotografie, in Traditionen, in Portr\u00e4ts, bei der Arbeit, bei gesellschaftlichen Ereignissen, in zwischenmenschlichen Beziehungen usw. Das Hauptmotiv des Fotos muss ein oder mehrere Menschen sein.<\/p>\n<p><strong>FIAP Regeln<\/strong><br \/>\nMit der \u00dcbermittlung seiner Bilder oder Dateien an einen Salon unter dem Patronat der FIAP akzeptiert der Teilnehmer ausnahmslos und ohne Widerspruch, dass die \u00fcbermittelten Bilder von der FIAP untersucht werden k\u00f6nnen, um festzustellen, ob sie den Vorschriften und Definitionen der FIAP entsprechen, auch wenn der Teilnehmer nicht Mitglied der FIAP ist; dass die FIAP alle ihr zur Verf\u00fcgung stehenden Mittel f\u00fcr dieses Unterfangen einsetzen wird; dass jede Weigerung, mit der FIAP zusammenzuarbeiten, oder jede Weigerung, die von der Kamera aufgenommenen Originaldateien vorzulegen, oder das Vers\u00e4umnis, ausreichende Beweise zu liefern, von der FIAP sanktioniert wird, und dass im Falle von Sanktionen aufgrund der Nichteinhaltung der FIAP-Vorschriften der Name des Teilnehmers in jeder Form ver\u00f6ffentlicht wird, die geeignet ist, \u00fcber die Verst\u00f6\u00dfe gegen die Regeln zu informieren. Es wird empfohlen, die EXIF-Daten in den eingereichten Dateien intakt zu lassen, um eventuelle Untersuchungen zu erleichtern.<\/p>\n<p>Der Hinweis, dass der Teilnehmer allein durch die Einreichung seiner Bilder oder Dateien bei einem Salon unter dem Patronat der FIAP die folgenden Bedingungen ausnahmslos und ohne Einw\u00e4nde akzeptiert: &#8211; dass die eingereichten Bilder von der FIAP untersucht werden k\u00f6nnen, um festzustellen, ob sie den Vorschriften und Definitionen der FIAP entsprechen, auch wenn der Teilnehmer nicht Mitglied der FIAP ist, &#8211; dass die FIAP alle ihr zur Verf\u00fcgung stehenden Mittel f\u00fcr dieses Unterfangen einsetzen wird, &#8211; dass jede Verweigerung der Zusammenarbeit mit der FIAP oder jede Weigerung, die Originaldateien, wie sie von der Kamera aufgenommen wurden, einzureichen dass im Falle von Sanktionen aufgrund der Nichteinhaltung der FIAP-Vorschriften der Name des Teilnehmers in jeder Form ver\u00f6ffentlicht wird, die geeignet ist, \u00fcber die Verst\u00f6\u00dfe gegen die Regeln zu informieren.<\/p>\n<p>Es wird empfohlen, die EXIF-Daten in den eingereichten Dateien intakt zu lassen, um eventuelle Untersuchungen zu erleichtern. Wenn zu irgendeinem Zeitpunkt vor, w\u00e4hrend oder nach der Bewertung einer Ausstellung nach billigem Ermessen des Ausstellungsorganisators oder der Preisrichter festgestellt wird, dass ein Teilnehmer Beitr\u00e4ge eingereicht hat, bei denen ein oder mehrere Bilder m\u00f6glicherweise nicht mit diesen Teilnahmebedingungen, einschlie\u00dflich der angegebenen Definitionen, \u00fcbereinstimmen, behalten sich die Ausstellungsorganisatoren das Recht vor, den Beitrag aus der Ausstellung zu l\u00f6schen und alle Annahmen oder Preise im Zusammenhang mit der Ausstellung zu annullieren. Die Geb\u00fchren k\u00f6nnen unter diesen Umst\u00e4nden einbehalten oder zur\u00fcckerstattet werden. Der Teilnehmer akzeptiert, dass die Entscheidung der Ausstellungsorganisatoren oder der Jury endg\u00fcltig ist.<\/p>\n<p>Von k\u00fcnstlicher Intelligenz erstellte Bilder sind in diesem Salon nicht erlaubt!<br \/>\nAlle Teile des Bildes m\u00fcssen vom Autor fotografiert werden, der das Urheberrecht aller eingereichten Werke besitzt. Verst\u00f6\u00dfe werden lebenslang bestraft!<\/p>\n<p>1. Zul\u00e4ssige KI-unterst\u00fctzte Bearbeitung:<br \/>\numfasst Bearbeitungswerkzeuge, die Transformationen, Verbesserungen oder Korrekturen ausschliesslich auf der Grundlage der vorhandenen Pixeldaten durchf\u00fchren, die im urspr\u00fcnglichen Foto des Autors erfasst wurden, ohne extern bezogene Inhalte einzuf\u00fchren.<\/p>\n<p>2. Verbotene KI-Bearbeitung:<br \/>\numfasst alle KI-unterst\u00fctzten Prozesse zur synthetischen Bilderzeugung, bei denen externe Bilddaten, visuelle Elemente, Texturen, Objekte oder Szenen einbezogen werden, die im urspr\u00fcnglichen Foto des Autors nicht vorhanden waren; diese sind untersagt.<\/p>\n<p><strong>FIAP REGELN<\/strong><br \/>\n&#8222;Hiermit erkl\u00e4re ich mich ausdr\u00fccklich mit dem FIAP-Dokument <a href=\"https:\/\/newcameraclub.com\/wp-content\/uploads\/2026\/03\/DOC_048_2025_Patronage_E.pdf\" target=\"_blank\" rel=\"noopener\">048\/2025 E<\/a> \u00ab Bedingungen und Bestimmungen f\u00fcr das FIAP-Patronat \u00bb und dem FIAP-Dokument <a href=\"https:\/\/www.myfiap.net\/documents\/DOC_038_2023_RedList_D.pdf\" target=\"_blank\" rel=\"noopener\">038\/2023<\/a>\u00ab Sanktionen bei Verst\u00f6\u00dfen gegen die FIAP-Bestimmungen und die Rote Liste \u00bb einverstanden. Mir ist insbesondere das Kapitel II \u00ab Bestimmungen f\u00fcr international fotografische Veranstaltungen unter FIAP-Patronat \u00bb des FIAP-Dokuments <a href=\"https:\/\/newcameraclub.com\/wp-content\/uploads\/2026\/03\/DOC_048_2025_Patronage_E.pdf\" target=\"_blank\" rel=\"noopener\">048\/2025 E<\/a> bewusst, das sich unter Abschnitt II.2 und II.3 mit den FIAP-Teilnahmeregeln, den Sanktionen f\u00fcr Verst\u00f6\u00dfe gegen FIAP-Vorschriften und der roten Liste befasst.&#8220; Ein Nichtzustimmen bedeutet, dass die Anmeldung nicht fortgesetzt wird.<\/p>\n<\/div>\n<div class=\"framed_box rounded aligncenter\">\n<div class=\"framed_box_content new-gutter-rules\" style=\"background-color: #fcffff;\">\n<p><strong>PATRONAT<\/strong><br \/>\n<strong>FIAP<\/strong> Patronat: 2026\/299-300-301<br \/>\n<strong>PS<\/strong> Patronat: 2026<br \/>\n<strong>NCC<\/strong> Patronat: 2026<br \/>\n<strong>PCP <\/strong>Patronat: 2026<br \/>\n<strong>SAL\u00a0<\/strong>Patronat: 2026<\/p>\n<p><strong>CONTACT\u00a0\u00a0 <\/strong><br \/>\nSWISS Circuit 2026, Switzerland<br \/>\nJacques Bourgeois, Salon Chairman<br \/>\nWeb: <a href=\"https:\/\/newcameraclub.com\">https:\/\/newcameraclub.com<\/a><br \/>\nEmail: <a href=\"mailto:info@newcameraclub.com\">info@newcameraclub.com<\/a><\/p>\n<p><img decoding=\"async\" class=\"size-medium wp-image-300 aligncenter\" src=\"https:\/\/newcameraclub.com\/wp-content\/uploads\/2026\/04\/Swiss_299-301.jpg\" alt=\"\" width=\"372\" height=\"585\" \/><\/p>\n<\/div>\n<div class=\"text-container def_content\" style=\"margin: 20px 30px;\"><\/div>\n<\/div>\n<div dir=\"ltr\"><\/div>\n<div class=\"kpm_LTR\" dir=\"ltr\"><\/div>\n<div dir=\"ltr\" style=\"text-align: center;\">*<\/div>\n<div dir=\"ltr\"><\/div>\n<div class=\"kpm_LTR\" dir=\"ltr\"><\/div>\n<div dir=\"ltr\"><\/div>\n<div id=\"kpm-root\" class=\"kpm_LTR\"><\/div>\n<\/div>\n<\/div>","protected":false},"excerpt":{"rendered":"<p>Google Translater \u00a0 \u00a0\u00a0 \u00a0\u00a0 \u00a0 INTERNATIONAL PHOTO CIRCUIT SWISS CIRCUIT 2026 TEILNAHMEREGELN SALONS International Photo Circuit &#8211; SWISS 2026 \u2013 Salon Lara (FIAP 2026\/299; NCC 2026; PCP 2026, SAL 2026) International Photo Circuit &#8211; SWISS 2026 \u2013 Salon Lera (FIAP 2026\/300; NCC 2026; PCP 2026, SAL 2026) International Photo Circuit &#8211; SWISS 2026 \u2013 &#8230;<\/p>\n","protected":false},"author":1,"featured_media":0,"parent":0,"menu_order":0,"comment_status":"closed","ping_status":"closed","template":"","meta":{"footnotes":""},"class_list":["post-90","page","type-page","status-publish","hentry"],"_links":{"self":[{"href":"https:\/\/newcameraclub.com\/de\/wp-json\/wp\/v2\/pages\/90","targetHints":{"allow":["GET"]}}],"collection":[{"href":"https:\/\/newcameraclub.com\/de\/wp-json\/wp\/v2\/pages"}],"about":[{"href":"https:\/\/newcameraclub.com\/de\/wp-json\/wp\/v2\/types\/page"}],"author":[{"embeddable":true,"href":"https:\/\/newcameraclub.com\/de\/wp-json\/wp\/v2\/users\/1"}],"replies":[{"embeddable":true,"href":"https:\/\/newcameraclub.com\/de\/wp-json\/wp\/v2\/comments?post=90"}],"version-history":[{"count":392,"href":"https:\/\/newcameraclub.com\/de\/wp-json\/wp\/v2\/pages\/90\/revisions"}],"predecessor-version":[{"id":2221,"href":"https:\/\/newcameraclub.com\/de\/wp-json\/wp\/v2\/pages\/90\/revisions\/2221"}],"wp:attachment":[{"href":"https:\/\/newcameraclub.com\/de\/wp-json\/wp\/v2\/media?parent=90"}],"curies":[{"name":"wp","href":"https:\/\/api.w.org\/{rel}","templated":true}]}}